{"id":51,"date":"2017-05-18T21:51:36","date_gmt":"2017-05-18T21:51:36","guid":{"rendered":"https:\/\/iem.adv.br\/?page_id=51"},"modified":"2018-09-21T20:28:33","modified_gmt":"2018-09-21T23:28:33","slug":"o-escritorio","status":"publish","type":"page","link":"https:\/\/iem.adv.br\/home\/o-escritorio\/","title":{"rendered":"O escrit\u00f3rio"},"content":{"rendered":"<p>[et_pb_section bb_built=&#8221;1&#8243; fullwidth=&#8221;on&#8221; _builder_version=&#8221;3.6&#8243; next_background_color=&#8221;#001326&#8243;][et_pb_fullwidth_header title=&#8221;Advocacia especializada na solu\u00e7\u00e3o de problemas&#8221; text_orientation=&#8221;center&#8221; button_one_text=&#8221;Deixe-nos te ajudar&#8221; button_one_url=&#8221;https:\/\/iem.adv.br\/contato\/&#8221; background_overlay_color=&#8221;rgba(18,36,51,0.82)&#8221; _builder_version=&#8221;3.6&#8243; background_image=&#8221;http:\/\/iem.adv.br\/wp-content\/uploads\/2018\/06\/fundo.jpg&#8221; custom_button_two=&#8221;on&#8221; button_two_text_color=&#8221;#ecbd1d&#8221; button_two_font=&#8221;||||||||&#8221; custom_button_one=&#8221;on&#8221; button_one_text_color=&#8221;#ecbd1d&#8221; button_one_font=&#8221;||||||||&#8221;]<\/p>\n<p>Qual o seu?<\/p>\n<p>[\/et_pb_fullwidth_header][\/et_pb_section][et_pb_section bb_built=&#8221;1&#8243; _builder_version=&#8221;3.6&#8243; background_color=&#8221;#001326&#8243; custom_padding=&#8221;0|0px|0|0px|false|false&#8221; prev_background_color=&#8221;#ffffff&#8221; next_background_color=&#8221;#ffffff&#8221;][et_pb_row use_custom_width=&#8221;on&#8221; custom_width_px=&#8221;803px&#8221; _builder_version=&#8221;3.6&#8243;][et_pb_column type=&#8221;4_4&#8243;][et_pb_text _builder_version=&#8221;3.6&#8243; text_font=&#8221;||||||||&#8221; text_orientation=&#8221;justified&#8221; background_layout=&#8221;dark&#8221; custom_padding=&#8221;20px|20px|20px|20px&#8221;]<\/p>\n<p>Nossa miss\u00e3o \u00e9 compreender o problema do cliente e auxili\u00e1-lo na solu\u00e7\u00e3o.<\/p>\n<p>Al\u00e9m das tradicionais \u00e1reas do Direito, somos refer\u00eancia em tr\u00eas outras \u00e1reas:<\/p>\n<ol>\n<li>Cuidamos, em proje\u00e7\u00e3o nacional, das causas de tripulantes de navios tur\u00edsticos, \u00e1rea que denominamos como Direito dos Tripulantes. Desde 2006 atuamos na defesa dos tripulantes, sendo o escrit\u00f3rio de advocacia com mais processos sobre o tema.<\/li>\n<li>Em atua\u00e7\u00e3o em todo o estado de S\u00e3o Paulo, nossos profissionais s\u00e3o especializados no Direito do Trabalho do Terceiro Setor, representando empresas, associa\u00e7\u00f5es, Organiza\u00e7\u00f5es Social e OSCIP em demandas de terceiriza\u00e7\u00e3o de m\u00e3o de obra ao ente p\u00fablico.<\/li>\n<li>E, na Baixada Santista, cuidamos do Direito do Condom\u00ednio. Estamos focados em preservar todos os direitos condominiais, guarnecendo a boa conviv\u00eancia entre todos os moradores. Para isso, atuamos tanto na advocacia consultiva como contenciosa (por meio de a\u00e7\u00f5es judiciais).<\/li>\n<\/ol>\n<p>Para facilitar nossos clientes, trabalhamos com a advocacia de partido, que consiste num contrato mensal, com pre\u00e7o fixo, e a advocacia de \u00eaxito, quando o escrit\u00f3rio recebe os seus honor\u00e1rios ao final.<\/p>\n<p>At\u00e9 porque, mais do que advogar, nosso cuidado \u00e9 para que voc\u00ea, cliente, sempre que precisar, tenha um atendimento diferenciado, focado na sua demanda, seja voc\u00ea pessoa f\u00edsica ou jur\u00eddica.<\/p>\n<p>[\/et_pb_text][\/et_pb_column][\/et_pb_row][\/et_pb_section][et_pb_section bb_built=&#8221;1&#8243; _builder_version=&#8221;3.6&#8243; prev_background_color=&#8221;#001326&#8243; next_background_color=&#8221;#999999&#8243;][et_pb_row _builder_version=&#8221;3.6&#8243;][et_pb_column type=&#8221;4_4&#8243;][et_pb_text _builder_version=&#8221;3.9&#8243;]<\/p>\n<h2 style=\"text-align: center;\">Equipe IeM<\/h2>\n<p>[ultimate_author_box user_id=&#8221;2&#8243;][ultimate_author_box user_id=&#8221;4&#8243;][ultimate_author_box user_id=&#8221;6&#8243;][ultimate_author_box user_id=&#8221;7&#8243;][ultimate_author_box user_id=&#8221;8&#8243;]<\/p>\n<p>[\/et_pb_text][\/et_pb_column][\/et_pb_row][\/et_pb_section][et_pb_section bb_built=&#8221;1&#8243; make_equal=&#8221;on&#8221; use_custom_gutter=&#8221;on&#8221; gutter_width=&#8221;1&#8243; specialty=&#8221;on&#8221; padding_top_2=&#8221;0px&#8221; padding_right_2=&#8221;0px&#8221; padding_bottom_2=&#8221;0px&#8221; padding_left_2=&#8221;0px&#8221; _builder_version=&#8221;3.6&#8243; background_color=&#8221;#999999&#8243; custom_padding=&#8221;34px|0px|13px|0px|false|false&#8221; saved_tabs=&#8221;all&#8221; prev_background_color=&#8221;#ffffff&#8221; global_module=&#8221;1119&#8243;][et_pb_column type=&#8221;1_2&#8243; specialty_columns=&#8221;2&#8243;][et_pb_row_inner global_parent=&#8221;1119&#8243; custom_padding=&#8221;0|0px|31.3906px|0px|false|false&#8221; _builder_version=&#8221;3.6&#8243;][et_pb_column_inner type=&#8221;4_4&#8243; saved_specialty_column_type=&#8221;1_2&#8243;][et_pb_text global_parent=&#8221;1119&#8243; _builder_version=&#8221;3.6&#8243; text_font=&#8221;||||||||&#8221; text_text_color=&#8221;#ffffff&#8221; header_font=&#8221;||||||||&#8221; header_2_font=&#8221;||||||||&#8221; header_2_text_color=&#8221;#ecbd1d&#8221;]<\/p>\n<h2>Onde estamos<\/h2>\n<p>Em Santos: Rua Senador Pinheiro Machado, n 30, CJ. 183, Vila Mathias<br \/>\nSantos &#8211; SP<br \/>\nTelefone (13) 3024.2005<\/p>\n<p>Em S\u00e3o Paulo: Avenida Paulista, n 807, CJ 2315, Jardins<br \/>\nS\u00e3o Paulo &#8211; SP<br \/>\nTelefone (11) 4063-8112<\/p>\n<p>Em Curitiba: Avenida C\u00e2ndido de Abreu, 381, Centro C\u00edvico<br \/>\nCuritiba &#8211; PR<br \/>\nTelefone (41) 4042-0056<\/p>\n<p>[\/et_pb_text][\/et_pb_column_inner][\/et_pb_row_inner][\/et_pb_column][et_pb_column type=&#8221;1_2&#8243;][et_pb_map global_parent=&#8221;1119&#8243; zoom_level=&#8221;6&#8243; address_lat=&#8221;-24.119091145114&#8243; address_lng=&#8221;-47.8383659375&#8243; use_grayscale_filter=&#8221;on&#8221; grayscale_filter_amount=&#8221;43&#8243; _builder_version=&#8221;3.6&#8243; child_filter_hue_rotate=&#8221;195deg&#8221;][et_pb_map_pin title=&#8221;Santos-SP&#8221; pin_address=&#8221;Av. Senador Pinheiro Machado, 30 &#8211; 183 &#8211; Vila Matias, Santos &#8211; SP, Brasil&#8221; pin_address_lat=&#8221;-23.9436298&#8243; pin_address_lng=&#8221;-46.3309675&#8243; _builder_version=&#8221;3.6&#8243;]<\/p>\n<p>Rua Senador Pinheiro Machado, n 30, CJ. 183, Vila Mathias<\/p>\n<p>Tel. (13) 3024.2005<\/p>\n<p>[\/et_pb_map_pin][et_pb_map_pin title=&#8221;S\u00e3o Paulo-SP&#8221; pin_address=&#8221;Av. Paulista, 807 &#8211; 2315 &#8211; Bela Vista, S\u00e3o Paulo &#8211; SP, 01311-100, Brasil&#8221; pin_address_lat=&#8221;-23.5666485&#8243; pin_address_lng=&#8221;-46.6509842&#8243; _builder_version=&#8221;3.6&#8243;]<\/p>\n<p>Avenida Paulista, n 807, CJ 2315, Jardins<br \/>\nTel. (11) 4063-8112<\/p>\n<p>[\/et_pb_map_pin][et_pb_map_pin title=&#8221;Curitiba-PR&#8221; pin_address=&#8221;Av. C\u00e2ndido de Abreu, 381 &#8211; Centro C\u00edvico, Curitiba &#8211; PR, Brasil&#8221; pin_address_lat=&#8221;-25.4204585&#8243; pin_address_lng=&#8221;-49.2696883&#8243; _builder_version=&#8221;3.6&#8243;]<\/p>\n<p>Avenida C\u00e2ndido de Abreu, 381, Centro C\u00edvico<br \/>\nTel. (41) 4042-0056<\/p>\n<p>[\/et_pb_map_pin][\/et_pb_map][\/et_pb_column][\/et_pb_section]<\/p>\n","protected":false},"excerpt":{"rendered":"<p>[et_pb_section bb_built=&#8221;1&#8243; fullwidth=&#8221;on&#8221; _builder_version=&#8221;3.6&#8243; next_background_color=&#8221;#001326&#8243;][et_pb_fullwidth_header title=&#8221;Advocacia especializada na solu\u00e7\u00e3o de problemas&#8221; text_orientation=&#8221;center&#8221; button_one_text=&#8221;Deixe-nos te ajudar&#8221; button_one_url=&#8221;https:\/\/iem.adv.br\/contato\/&#8221; background_overlay_color=&#8221;rgba(18,36,51,0.82)&#8221; _builder_version=&#8221;3.6&#8243; background_image=&#8221;http:\/\/iem.adv.br\/wp-content\/uploads\/2018\/06\/fundo.jpg&#8221; custom_button_two=&#8221;on&#8221; button_two_text_color=&#8221;#ecbd1d&#8221; button_two_font=&#8221;||||||||&#8221; custom_button_one=&#8221;on&#8221; button_one_text_color=&#8221;#ecbd1d&#8221; button_one_font=&#8221;||||||||&#8221;] Qual o seu? [\/et_pb_fullwidth_header][\/et_pb_section][et_pb_section bb_built=&#8221;1&#8243; _builder_version=&#8221;3.6&#8243; background_color=&#8221;#001326&#8243; custom_padding=&#8221;0|0px|0|0px|false|false&#8221; prev_background_color=&#8221;#ffffff&#8221; next_background_color=&#8221;#ffffff&#8221;][et_pb_row use_custom_width=&#8221;on&#8221; custom_width_px=&#8221;803px&#8221; _builder_version=&#8221;3.6&#8243;][et_pb_column type=&#8221;4_4&#8243;][et_pb_text _builder_version=&#8221;3.6&#8243; text_font=&#8221;||||||||&#8221; text_orientation=&#8221;justified&#8221; background_layout=&#8221;dark&#8221; custom_padding=&#8221;20px|20px|20px|20px&#8221;] Nossa miss\u00e3o \u00e9 compreender o problema do cliente e auxili\u00e1-lo na [&hellip;]<\/p>\n","protected":false},"author":1,"featured_media":0,"parent":0,"menu_order":0,"comment_status":"closed","ping_status":"closed","template":"","meta":{"footnotes":""},"_links":{"self":[{"href":"https:\/\/iem.adv.br\/home\/wp-json\/wp\/v2\/pages\/51"}],"collection":[{"href":"https:\/\/iem.adv.br\/home\/wp-json\/wp\/v2\/pages"}],"about":[{"href":"https:\/\/iem.adv.br\/home\/wp-json\/wp\/v2\/types\/page"}],"author":[{"embeddable":true,"href":"https:\/\/iem.adv.br\/home\/wp-json\/wp\/v2\/users\/1"}],"replies":[{"embeddable":true,"href":"https:\/\/iem.adv.br\/home\/wp-json\/wp\/v2\/comments?post=51"}],"version-history":[{"count":26,"href":"https:\/\/iem.adv.br\/home\/wp-json\/wp\/v2\/pages\/51\/revisions"}],"predecessor-version":[{"id":1364,"href":"https:\/\/iem.adv.br\/home\/wp-json\/wp\/v2\/pages\/51\/revisions\/1364"}],"wp:attachment":[{"href":"https:\/\/iem.adv.br\/home\/wp-json\/wp\/v2\/media?parent=51"}],"curies":[{"name":"wp","href":"https:\/\/api.w.org\/{rel}","templated":true}]}}