{"id":135,"date":"2017-06-21T20:25:05","date_gmt":"2017-06-21T20:25:05","guid":{"rendered":"https:\/\/iem.adv.br\/?page_id=135"},"modified":"2017-06-21T20:25:05","modified_gmt":"2017-06-21T20:25:05","slug":"areas-de-atuacao","status":"publish","type":"page","link":"https:\/\/iem.adv.br\/home\/areas-de-atuacao\/","title":{"rendered":"\u00c1reas de Atua\u00e7\u00e3o"},"content":{"rendered":"","protected":false},"excerpt":{"rendered":"","protected":false},"author":1,"featured_media":0,"parent":0,"menu_order":0,"comment_status":"closed","ping_status":"closed","template":"","meta":{"footnotes":""},"_links":{"self":[{"href":"https:\/\/iem.adv.br\/home\/wp-json\/wp\/v2\/pages\/135"}],"collection":[{"href":"https:\/\/iem.adv.br\/home\/wp-json\/wp\/v2\/pages"}],"about":[{"href":"https:\/\/iem.adv.br\/home\/wp-json\/wp\/v2\/types\/page"}],"author":[{"embeddable":true,"href":"https:\/\/iem.adv.br\/home\/wp-json\/wp\/v2\/users\/1"}],"replies":[{"embeddable":true,"href":"https:\/\/iem.adv.br\/home\/wp-json\/wp\/v2\/comments?post=135"}],"version-history":[{"count":1,"href":"https:\/\/iem.adv.br\/home\/wp-json\/wp\/v2\/pages\/135\/revisions"}],"predecessor-version":[{"id":136,"href":"https:\/\/iem.adv.br\/home\/wp-json\/wp\/v2\/pages\/135\/revisions\/136"}],"wp:attachment":[{"href":"https:\/\/iem.adv.br\/home\/wp-json\/wp\/v2\/media?parent=135"}],"curies":[{"name":"wp","href":"https:\/\/api.w.org\/{rel}","templated":true}]}}